{"id":204685,"date":"2023-09-09T00:14:22","date_gmt":"2023-09-09T00:14:22","guid":{"rendered":"https:\/\/elixiroilcbd.com\/?post_type=product&#038;p=204685"},"modified":"2026-02-14T09:29:07","modified_gmt":"2026-02-14T09:29:07","slug":"huile-relaxante-cbd-pour-enfants","status":"publish","type":"product","link":"https:\/\/elixiroilcbd.com\/en\/product\/huile-relaxante-cbd-pour-enfants\/","title":{"rendered":"Huile relaxante CBD pour enfants"},"content":{"rendered":"<ul>\n<li><strong>Bottles Offered:<\/strong>\u00a0 15 ml and 30 ml<\/li>\n<li><strong>Quantity in milligrams:<\/strong> La bouteille pour enfant de 15 ml contient 500mg et la bouteille de 30 ml contient 1000mg.<\/li>\n<\/ul>","protected":false},"excerpt":{"rendered":"<p class=\"whitespace-pre-wrap\">Aidez votre enfant \u00e0 apaiser son stress et son anxi\u00e9t\u00e9 naturellement avec notre huile de CBD de qualit\u00e9 sup\u00e9rieure. Fabriqu\u00e9e en Suisse \u00e0 partir de chanvre, notre formule douce convient parfaitement aux enfants.<\/p>\n<ul class=\"list-disc pl-8 space-y-2\">\n<li class=\"whitespace-normal\">100% naturelle et biologique<\/li>\n<li class=\"whitespace-normal\">Sans THC<\/li>\n<li class=\"whitespace-normal\">Non psychoactive et non addictive<\/li>\n<li class=\"whitespace-normal\">Mode d&#8217;emploi facile par voie sublinguale ou cutan\u00e9e<\/li>\n<li class=\"whitespace-normal\">Ar\u00f4me agr\u00e9able de vanille<\/li>\n<\/ul>\n<p class=\"whitespace-pre-wrap\">Offrez \u00e0 votre enfant les bienfaits apaisants du CBD pour l&rsquo;aider \u00e0 retrouver calme et s\u00e9r\u00e9nit\u00e9. Notre huile procure d\u00e9tente et bien-\u00eatre pour toute la famille.<\/p>\n<p class=\"whitespace-pre-wrap\">Fabriqu\u00e9e en Suisse. Certifi\u00e9e bio. Analyses ind\u00e9pendantes garantissant 0% de THC.<\/p>","protected":false},"featured_media":204693,"comment_status":"open","ping_status":"closed","template":"","meta":{"_et_pb_use_builder":"","_et_pb_old_content":"","_et_gb_content_width":"","_monsterinsights_skip_tracking":false,"_monsterinsights_sitenote_active":false,"_monsterinsights_sitenote_note":"","_monsterinsights_sitenote_category":0,"cybocfi_hide_featured_image":""},"product_cat":[21,29],"product_tag":[27,24,26,28,25],"yoast_head":"<!-- This site is optimized with the Yoast SEO plugin v22.2 - https:\/\/yoast.com\/wordpress\/plugins\/seo\/ -->\n<title>Huile relaxante CBD pour enfants - Elixir Hemp CBD Oil<\/title>\n<meta name=\"robots\" content=\"index, follow, max-snippet:-1, max-image-preview:large, max-video-preview:-1\" \/>\n<link rel=\"canonical\" href=\"https:\/\/elixiroilcbd.com\/en\/product\/huile-relaxante-cbd-pour-enfants\/\" \/>\n<meta property=\"og:locale\" content=\"en_US\" \/>\n<meta property=\"og:type\" content=\"article\" \/>\n<meta property=\"og:title\" content=\"Huile relaxante CBD pour enfants - Elixir Hemp CBD Oil\" \/>\n<meta property=\"og:description\" content=\"Aidez votre enfant \u00e0 apaiser son stress et son anxi\u00e9t\u00e9 naturellement avec notre huile de CBD de qualit\u00e9 sup\u00e9rieure. Fabriqu\u00e9e en Suisse \u00e0 partir de chanvre, notre formule douce convient parfaitement aux enfants.    100% naturelle et biologique  Sans THC  Non psychoactive et non addictive  Mode d&#039;emploi facile par voie sublinguale ou cutan\u00e9e  Ar\u00f4me agr\u00e9able de vanille  Offrez \u00e0 votre enfant les bienfaits apaisants du CBD pour l&#039;aider \u00e0 retrouver calme et s\u00e9r\u00e9nit\u00e9. Notre huile procure d\u00e9tente et bien-\u00eatre pour toute la famille. Fabriqu\u00e9e en Suisse. Certifi\u00e9e bio. Analyses ind\u00e9pendantes garantissant 0% de THC.\" \/>\n<meta property=\"og:url\" content=\"https:\/\/elixiroilcbd.com\/en\/product\/huile-relaxante-cbd-pour-enfants\/\" \/>\n<meta property=\"og:site_name\" content=\"Elixir Hemp CBD Oil\" \/>\n<meta property=\"article:publisher\" content=\"https:\/\/www.facebook.com\/profile.php?id=100088182038280\" \/>\n<meta property=\"article:modified_time\" content=\"2026-02-14T09:29:07+00:00\" \/>\n<meta property=\"og:image\" content=\"https:\/\/elixiroilcbd.com\/wp-content\/uploads\/2023\/09\/image_4jp.png\" \/>\n\t<meta property=\"og:image:width\" content=\"1024\" \/>\n\t<meta property=\"og:image:height\" content=\"1024\" \/>\n\t<meta property=\"og:image:type\" content=\"image\/png\" \/>\n<meta name=\"twitter:card\" content=\"summary_large_image\" \/>\n<script type=\"application\/ld+json\" class=\"yoast-schema-graph\">{\"@context\":\"https:\/\/schema.org\",\"@graph\":[{\"@type\":\"WebPage\",\"@id\":\"https:\/\/elixiroilcbd.com\/product\/huile-relaxante-cbd-pour-enfants\/\",\"url\":\"https:\/\/elixiroilcbd.com\/product\/huile-relaxante-cbd-pour-enfants\/\",\"name\":\"Huile relaxante CBD pour enfants - Elixir Hemp CBD Oil\",\"isPartOf\":{\"@id\":\"https:\/\/elixiroilcbd.com\/#website\"},\"primaryImageOfPage\":{\"@id\":\"https:\/\/elixiroilcbd.com\/product\/huile-relaxante-cbd-pour-enfants\/#primaryimage\"},\"image\":{\"@id\":\"https:\/\/elixiroilcbd.com\/product\/huile-relaxante-cbd-pour-enfants\/#primaryimage\"},\"thumbnailUrl\":\"https:\/\/elixiroilcbd.com\/wp-content\/uploads\/2023\/09\/image_4jp.png\",\"datePublished\":\"2023-09-09T00:14:22+00:00\",\"dateModified\":\"2026-02-14T09:29:07+00:00\",\"breadcrumb\":{\"@id\":\"https:\/\/elixiroilcbd.com\/product\/huile-relaxante-cbd-pour-enfants\/#breadcrumb\"},\"inLanguage\":\"en-CA\",\"potentialAction\":[{\"@type\":\"ReadAction\",\"target\":[\"https:\/\/elixiroilcbd.com\/product\/huile-relaxante-cbd-pour-enfants\/\"]}]},{\"@type\":\"ImageObject\",\"inLanguage\":\"en-CA\",\"@id\":\"https:\/\/elixiroilcbd.com\/product\/huile-relaxante-cbd-pour-enfants\/#primaryimage\",\"url\":\"https:\/\/elixiroilcbd.com\/wp-content\/uploads\/2023\/09\/image_4jp.png\",\"contentUrl\":\"https:\/\/elixiroilcbd.com\/wp-content\/uploads\/2023\/09\/image_4jp.png\",\"width\":1024,\"height\":1024},{\"@type\":\"BreadcrumbList\",\"@id\":\"https:\/\/elixiroilcbd.com\/product\/huile-relaxante-cbd-pour-enfants\/#breadcrumb\",\"itemListElement\":[{\"@type\":\"ListItem\",\"position\":1,\"name\":\"Home\",\"item\":\"https:\/\/elixiroilcbd.com\/\"},{\"@type\":\"ListItem\",\"position\":2,\"name\":\"Shop\",\"item\":\"https:\/\/elixiroilcbd.com\/en\/shop\/\"},{\"@type\":\"ListItem\",\"position\":3,\"name\":\"Huile relaxante CBD pour enfants\"}]},{\"@type\":\"WebSite\",\"@id\":\"https:\/\/elixiroilcbd.com\/#website\",\"url\":\"https:\/\/elixiroilcbd.com\/\",\"name\":\"Elixir CBD Oil\",\"description\":\"Exp\u00e9rimentez le pouvoir de gu\u00e9rison naturel de l&#039;Elixir Oil CBD\",\"publisher\":{\"@id\":\"https:\/\/elixiroilcbd.com\/#organization\"},\"potentialAction\":[{\"@type\":\"SearchAction\",\"target\":{\"@type\":\"EntryPoint\",\"urlTemplate\":\"https:\/\/elixiroilcbd.com\/?s={search_term_string}\"},\"query-input\":\"required name=search_term_string\"}],\"inLanguage\":\"en-CA\"},{\"@type\":\"Organization\",\"@id\":\"https:\/\/elixiroilcbd.com\/#organization\",\"name\":\"Elixir CBD Oil\",\"url\":\"https:\/\/elixiroilcbd.com\/\",\"logo\":{\"@type\":\"ImageObject\",\"inLanguage\":\"en-CA\",\"@id\":\"https:\/\/elixiroilcbd.com\/#\/schema\/logo\/image\/\",\"url\":\"https:\/\/elixiroilcbd.com\/wp-content\/uploads\/2022\/05\/LOGOblack.png\",\"contentUrl\":\"https:\/\/elixiroilcbd.com\/wp-content\/uploads\/2022\/05\/LOGOblack.png\",\"width\":1467,\"height\":555,\"caption\":\"Elixir CBD Oil\"},\"image\":{\"@id\":\"https:\/\/elixiroilcbd.com\/#\/schema\/logo\/image\/\"},\"sameAs\":[\"https:\/\/www.facebook.com\/profile.php?id=100088182038280\",\"https:\/\/www.instagram.com\/cbdelixircanada\/\"]}]}<\/script>\n<!-- \/ Yoast SEO plugin. -->","yoast_head_json":{"title":"Huile relaxante CBD pour enfants - Elixir Hemp CBD Oil","robots":{"index":"index","follow":"follow","max-snippet":"max-snippet:-1","max-image-preview":"max-image-preview:large","max-video-preview":"max-video-preview:-1"},"canonical":"https:\/\/elixiroilcbd.com\/en\/product\/huile-relaxante-cbd-pour-enfants\/","og_locale":"en_US","og_type":"article","og_title":"Huile relaxante CBD pour enfants - Elixir Hemp CBD Oil","og_description":"Aidez votre enfant \u00e0 apaiser son stress et son anxi\u00e9t\u00e9 naturellement avec notre huile de CBD de qualit\u00e9 sup\u00e9rieure. Fabriqu\u00e9e en Suisse \u00e0 partir de chanvre, notre formule douce convient parfaitement aux enfants.    100% naturelle et biologique  Sans THC  Non psychoactive et non addictive  Mode d'emploi facile par voie sublinguale ou cutan\u00e9e  Ar\u00f4me agr\u00e9able de vanille  Offrez \u00e0 votre enfant les bienfaits apaisants du CBD pour l'aider \u00e0 retrouver calme et s\u00e9r\u00e9nit\u00e9. Notre huile procure d\u00e9tente et bien-\u00eatre pour toute la famille. Fabriqu\u00e9e en Suisse. Certifi\u00e9e bio. Analyses ind\u00e9pendantes garantissant 0% de THC.","og_url":"https:\/\/elixiroilcbd.com\/en\/product\/huile-relaxante-cbd-pour-enfants\/","og_site_name":"Elixir Hemp CBD Oil","article_publisher":"https:\/\/www.facebook.com\/profile.php?id=100088182038280","article_modified_time":"2026-02-14T09:29:07+00:00","og_image":[{"width":1024,"height":1024,"url":"https:\/\/elixiroilcbd.com\/wp-content\/uploads\/2023\/09\/image_4jp.png","type":"image\/png"}],"twitter_card":"summary_large_image","schema":{"@context":"https:\/\/schema.org","@graph":[{"@type":"WebPage","@id":"https:\/\/elixiroilcbd.com\/product\/huile-relaxante-cbd-pour-enfants\/","url":"https:\/\/elixiroilcbd.com\/product\/huile-relaxante-cbd-pour-enfants\/","name":"Huile relaxante CBD pour enfants - Elixir Hemp CBD Oil","isPartOf":{"@id":"https:\/\/elixiroilcbd.com\/#website"},"primaryImageOfPage":{"@id":"https:\/\/elixiroilcbd.com\/product\/huile-relaxante-cbd-pour-enfants\/#primaryimage"},"image":{"@id":"https:\/\/elixiroilcbd.com\/product\/huile-relaxante-cbd-pour-enfants\/#primaryimage"},"thumbnailUrl":"https:\/\/elixiroilcbd.com\/wp-content\/uploads\/2023\/09\/image_4jp.png","datePublished":"2023-09-09T00:14:22+00:00","dateModified":"2026-02-14T09:29:07+00:00","breadcrumb":{"@id":"https:\/\/elixiroilcbd.com\/product\/huile-relaxante-cbd-pour-enfants\/#breadcrumb"},"inLanguage":"en-CA","potentialAction":[{"@type":"ReadAction","target":["https:\/\/elixiroilcbd.com\/product\/huile-relaxante-cbd-pour-enfants\/"]}]},{"@type":"ImageObject","inLanguage":"en-CA","@id":"https:\/\/elixiroilcbd.com\/product\/huile-relaxante-cbd-pour-enfants\/#primaryimage","url":"https:\/\/elixiroilcbd.com\/wp-content\/uploads\/2023\/09\/image_4jp.png","contentUrl":"https:\/\/elixiroilcbd.com\/wp-content\/uploads\/2023\/09\/image_4jp.png","width":1024,"height":1024},{"@type":"BreadcrumbList","@id":"https:\/\/elixiroilcbd.com\/product\/huile-relaxante-cbd-pour-enfants\/#breadcrumb","itemListElement":[{"@type":"ListItem","position":1,"name":"Home","item":"https:\/\/elixiroilcbd.com\/"},{"@type":"ListItem","position":2,"name":"Shop","item":"https:\/\/elixiroilcbd.com\/en\/shop\/"},{"@type":"ListItem","position":3,"name":"Huile relaxante CBD pour enfants"}]},{"@type":"WebSite","@id":"https:\/\/elixiroilcbd.com\/#website","url":"https:\/\/elixiroilcbd.com\/","name":"Elixir CBD Oil","description":"Exp\u00e9rimentez le pouvoir de gu\u00e9rison naturel de l&#039;Elixir Oil CBD","publisher":{"@id":"https:\/\/elixiroilcbd.com\/#organization"},"potentialAction":[{"@type":"SearchAction","target":{"@type":"EntryPoint","urlTemplate":"https:\/\/elixiroilcbd.com\/?s={search_term_string}"},"query-input":"required name=search_term_string"}],"inLanguage":"en-CA"},{"@type":"Organization","@id":"https:\/\/elixiroilcbd.com\/#organization","name":"Elixir CBD Oil","url":"https:\/\/elixiroilcbd.com\/","logo":{"@type":"ImageObject","inLanguage":"en-CA","@id":"https:\/\/elixiroilcbd.com\/#\/schema\/logo\/image\/","url":"https:\/\/elixiroilcbd.com\/wp-content\/uploads\/2022\/05\/LOGOblack.png","contentUrl":"https:\/\/elixiroilcbd.com\/wp-content\/uploads\/2022\/05\/LOGOblack.png","width":1467,"height":555,"caption":"Elixir CBD Oil"},"image":{"@id":"https:\/\/elixiroilcbd.com\/#\/schema\/logo\/image\/"},"sameAs":["https:\/\/www.facebook.com\/profile.php?id=100088182038280","https:\/\/www.instagram.com\/cbdelixircanada\/"]}]}},"jetpack_sharing_enabled":true,"_links":{"self":[{"href":"https:\/\/elixiroilcbd.com\/en\/wp-json\/wp\/v2\/product\/204685"}],"collection":[{"href":"https:\/\/elixiroilcbd.com\/en\/wp-json\/wp\/v2\/product"}],"about":[{"href":"https:\/\/elixiroilcbd.com\/en\/wp-json\/wp\/v2\/types\/product"}],"replies":[{"embeddable":true,"href":"https:\/\/elixiroilcbd.com\/en\/wp-json\/wp\/v2\/comments?post=204685"}],"wp:featuredmedia":[{"embeddable":true,"href":"https:\/\/elixiroilcbd.com\/en\/wp-json\/wp\/v2\/media\/204693"}],"wp:attachment":[{"href":"https:\/\/elixiroilcbd.com\/en\/wp-json\/wp\/v2\/media?parent=204685"}],"wp:term":[{"taxonomy":"product_cat","embeddable":true,"href":"https:\/\/elixiroilcbd.com\/en\/wp-json\/wp\/v2\/product_cat?post=204685"},{"taxonomy":"product_tag","embeddable":true,"href":"https:\/\/elixiroilcbd.com\/en\/wp-json\/wp\/v2\/product_tag?post=204685"}],"curies":[{"name":"wp","href":"https:\/\/api.w.org\/{rel}","templated":true}]}}