{"id":204573,"date":"2023-01-19T00:02:26","date_gmt":"2023-01-19T00:02:26","guid":{"rendered":"https:\/\/elixiroilcbd.com\/?post_type=product&#038;p=204573"},"modified":"2025-09-19T09:23:52","modified_gmt":"2025-09-19T09:23:52","slug":"barre-cbd-anti-douleur","status":"publish","type":"product","link":"https:\/\/elixiroilcbd.com\/en\/product\/barre-cbd-anti-douleur\/","title":{"rendered":"CBD Pain Relief Bar"},"content":{"rendered":"<ul>\n<li><strong>Bottles Offered:<\/strong>\u00a0 60 ml<\/li>\n<li><strong>Quantity in milligrams:<\/strong> The bottle of 60 ml contains 500mg.<\/li>\n<\/ul>","protected":false},"excerpt":{"rendered":"<p>Want to improve your overall well-being and reduce your dependence on medication? Try our CBD pain relief bar, a natural and healthy way to reduce, eliminate and prevent pain and inflammation. Don't let pain and inflammation control your life, try our CBD pain relief bar today!<\/p>","protected":false},"featured_media":204648,"comment_status":"open","ping_status":"closed","template":"","meta":{"_et_pb_use_builder":"","_et_pb_old_content":"","_et_gb_content_width":"","_monsterinsights_skip_tracking":false,"_monsterinsights_sitenote_active":false,"_monsterinsights_sitenote_note":"","_monsterinsights_sitenote_category":0,"cybocfi_hide_featured_image":""},"product_cat":[21],"product_tag":[48,47,26,49],"yoast_head":"<!-- This site is optimized with the Yoast SEO plugin v22.2 - https:\/\/yoast.com\/wordpress\/plugins\/seo\/ -->\n<title>Barre CBD anti-douleur - Elixir Hemp CBD Oil<\/title>\n<meta name=\"robots\" content=\"index, follow, max-snippet:-1, max-image-preview:large, max-video-preview:-1\" \/>\n<link rel=\"canonical\" href=\"https:\/\/elixiroilcbd.com\/en\/product\/barre-cbd-anti-douleur\/\" \/>\n<meta property=\"og:locale\" content=\"en_US\" \/>\n<meta property=\"og:type\" content=\"article\" \/>\n<meta property=\"og:title\" content=\"Barre CBD anti-douleur - Elixir Hemp CBD Oil\" \/>\n<meta property=\"og:description\" content=\"Vous souhaitez am\u00e9liorer votre bien-\u00eatre g\u00e9n\u00e9ral et r\u00e9duire votre d\u00e9pendance aux m\u00e9dicaments ? Essayez notre barre de soulagement contre la douleur au CBD, un moyen naturel et sain de r\u00e9duire, \u00e9liminer et pr\u00e9venir la douleur et l&#039;inflammation. Ne laissez pas la douleur et l&#039;inflammation contr\u00f4ler votre vie, essayez notre barre de soulagement de la douleur au CBD d\u00e8s aujourd&#039;hui\u00a0!\" \/>\n<meta property=\"og:url\" content=\"https:\/\/elixiroilcbd.com\/en\/product\/barre-cbd-anti-douleur\/\" \/>\n<meta property=\"og:site_name\" content=\"Elixir Hemp CBD Oil\" \/>\n<meta property=\"article:publisher\" content=\"https:\/\/www.facebook.com\/profile.php?id=100088182038280\" \/>\n<meta property=\"article:modified_time\" content=\"2025-09-19T09:23:52+00:00\" \/>\n<meta property=\"og:image\" content=\"https:\/\/elixiroilcbd.com\/wp-content\/uploads\/2023\/01\/CBDD_pain.jpg\" \/>\n\t<meta property=\"og:image:width\" content=\"800\" \/>\n\t<meta property=\"og:image:height\" content=\"800\" \/>\n\t<meta property=\"og:image:type\" content=\"image\/jpeg\" \/>\n<meta name=\"twitter:card\" content=\"summary_large_image\" \/>\n<script type=\"application\/ld+json\" class=\"yoast-schema-graph\">{\"@context\":\"https:\/\/schema.org\",\"@graph\":[{\"@type\":\"WebPage\",\"@id\":\"https:\/\/elixiroilcbd.com\/product\/barre-cbd-anti-douleur\/\",\"url\":\"https:\/\/elixiroilcbd.com\/product\/barre-cbd-anti-douleur\/\",\"name\":\"Barre CBD anti-douleur - Elixir Hemp CBD Oil\",\"isPartOf\":{\"@id\":\"https:\/\/elixiroilcbd.com\/#website\"},\"primaryImageOfPage\":{\"@id\":\"https:\/\/elixiroilcbd.com\/product\/barre-cbd-anti-douleur\/#primaryimage\"},\"image\":{\"@id\":\"https:\/\/elixiroilcbd.com\/product\/barre-cbd-anti-douleur\/#primaryimage\"},\"thumbnailUrl\":\"https:\/\/elixiroilcbd.com\/wp-content\/uploads\/2023\/01\/CBDD_pain.jpg\",\"datePublished\":\"2023-01-19T00:02:26+00:00\",\"dateModified\":\"2025-09-19T09:23:52+00:00\",\"breadcrumb\":{\"@id\":\"https:\/\/elixiroilcbd.com\/product\/barre-cbd-anti-douleur\/#breadcrumb\"},\"inLanguage\":\"en-CA\",\"potentialAction\":[{\"@type\":\"ReadAction\",\"target\":[\"https:\/\/elixiroilcbd.com\/product\/barre-cbd-anti-douleur\/\"]}]},{\"@type\":\"ImageObject\",\"inLanguage\":\"en-CA\",\"@id\":\"https:\/\/elixiroilcbd.com\/product\/barre-cbd-anti-douleur\/#primaryimage\",\"url\":\"https:\/\/elixiroilcbd.com\/wp-content\/uploads\/2023\/01\/CBDD_pain.jpg\",\"contentUrl\":\"https:\/\/elixiroilcbd.com\/wp-content\/uploads\/2023\/01\/CBDD_pain.jpg\",\"width\":800,\"height\":800},{\"@type\":\"BreadcrumbList\",\"@id\":\"https:\/\/elixiroilcbd.com\/product\/barre-cbd-anti-douleur\/#breadcrumb\",\"itemListElement\":[{\"@type\":\"ListItem\",\"position\":1,\"name\":\"Home\",\"item\":\"https:\/\/elixiroilcbd.com\/\"},{\"@type\":\"ListItem\",\"position\":2,\"name\":\"Shop\",\"item\":\"https:\/\/elixiroilcbd.com\/en\/shop\/\"},{\"@type\":\"ListItem\",\"position\":3,\"name\":\"Barre CBD anti-douleur\"}]},{\"@type\":\"WebSite\",\"@id\":\"https:\/\/elixiroilcbd.com\/#website\",\"url\":\"https:\/\/elixiroilcbd.com\/\",\"name\":\"Elixir CBD Oil\",\"description\":\"Exp\u00e9rimentez le pouvoir de gu\u00e9rison naturel de l&#039;Elixir Oil CBD\",\"publisher\":{\"@id\":\"https:\/\/elixiroilcbd.com\/#organization\"},\"potentialAction\":[{\"@type\":\"SearchAction\",\"target\":{\"@type\":\"EntryPoint\",\"urlTemplate\":\"https:\/\/elixiroilcbd.com\/?s={search_term_string}\"},\"query-input\":\"required name=search_term_string\"}],\"inLanguage\":\"en-CA\"},{\"@type\":\"Organization\",\"@id\":\"https:\/\/elixiroilcbd.com\/#organization\",\"name\":\"Elixir CBD Oil\",\"url\":\"https:\/\/elixiroilcbd.com\/\",\"logo\":{\"@type\":\"ImageObject\",\"inLanguage\":\"en-CA\",\"@id\":\"https:\/\/elixiroilcbd.com\/#\/schema\/logo\/image\/\",\"url\":\"https:\/\/elixiroilcbd.com\/wp-content\/uploads\/2022\/05\/LOGOblack.png\",\"contentUrl\":\"https:\/\/elixiroilcbd.com\/wp-content\/uploads\/2022\/05\/LOGOblack.png\",\"width\":1467,\"height\":555,\"caption\":\"Elixir CBD Oil\"},\"image\":{\"@id\":\"https:\/\/elixiroilcbd.com\/#\/schema\/logo\/image\/\"},\"sameAs\":[\"https:\/\/www.facebook.com\/profile.php?id=100088182038280\",\"https:\/\/www.instagram.com\/cbdelixircanada\/\"]}]}<\/script>\n<!-- \/ Yoast SEO plugin. -->","yoast_head_json":{"title":"Barre CBD anti-douleur - Elixir Hemp CBD Oil","robots":{"index":"index","follow":"follow","max-snippet":"max-snippet:-1","max-image-preview":"max-image-preview:large","max-video-preview":"max-video-preview:-1"},"canonical":"https:\/\/elixiroilcbd.com\/en\/product\/barre-cbd-anti-douleur\/","og_locale":"en_US","og_type":"article","og_title":"Barre CBD anti-douleur - Elixir Hemp CBD Oil","og_description":"Vous souhaitez am\u00e9liorer votre bien-\u00eatre g\u00e9n\u00e9ral et r\u00e9duire votre d\u00e9pendance aux m\u00e9dicaments ? Essayez notre barre de soulagement contre la douleur au CBD, un moyen naturel et sain de r\u00e9duire, \u00e9liminer et pr\u00e9venir la douleur et l'inflammation. Ne laissez pas la douleur et l'inflammation contr\u00f4ler votre vie, essayez notre barre de soulagement de la douleur au CBD d\u00e8s aujourd'hui\u00a0!","og_url":"https:\/\/elixiroilcbd.com\/en\/product\/barre-cbd-anti-douleur\/","og_site_name":"Elixir Hemp CBD Oil","article_publisher":"https:\/\/www.facebook.com\/profile.php?id=100088182038280","article_modified_time":"2025-09-19T09:23:52+00:00","og_image":[{"width":800,"height":800,"url":"https:\/\/elixiroilcbd.com\/wp-content\/uploads\/2023\/01\/CBDD_pain.jpg","type":"image\/jpeg"}],"twitter_card":"summary_large_image","schema":{"@context":"https:\/\/schema.org","@graph":[{"@type":"WebPage","@id":"https:\/\/elixiroilcbd.com\/product\/barre-cbd-anti-douleur\/","url":"https:\/\/elixiroilcbd.com\/product\/barre-cbd-anti-douleur\/","name":"Barre CBD anti-douleur - Elixir Hemp CBD Oil","isPartOf":{"@id":"https:\/\/elixiroilcbd.com\/#website"},"primaryImageOfPage":{"@id":"https:\/\/elixiroilcbd.com\/product\/barre-cbd-anti-douleur\/#primaryimage"},"image":{"@id":"https:\/\/elixiroilcbd.com\/product\/barre-cbd-anti-douleur\/#primaryimage"},"thumbnailUrl":"https:\/\/elixiroilcbd.com\/wp-content\/uploads\/2023\/01\/CBDD_pain.jpg","datePublished":"2023-01-19T00:02:26+00:00","dateModified":"2025-09-19T09:23:52+00:00","breadcrumb":{"@id":"https:\/\/elixiroilcbd.com\/product\/barre-cbd-anti-douleur\/#breadcrumb"},"inLanguage":"en-CA","potentialAction":[{"@type":"ReadAction","target":["https:\/\/elixiroilcbd.com\/product\/barre-cbd-anti-douleur\/"]}]},{"@type":"ImageObject","inLanguage":"en-CA","@id":"https:\/\/elixiroilcbd.com\/product\/barre-cbd-anti-douleur\/#primaryimage","url":"https:\/\/elixiroilcbd.com\/wp-content\/uploads\/2023\/01\/CBDD_pain.jpg","contentUrl":"https:\/\/elixiroilcbd.com\/wp-content\/uploads\/2023\/01\/CBDD_pain.jpg","width":800,"height":800},{"@type":"BreadcrumbList","@id":"https:\/\/elixiroilcbd.com\/product\/barre-cbd-anti-douleur\/#breadcrumb","itemListElement":[{"@type":"ListItem","position":1,"name":"Home","item":"https:\/\/elixiroilcbd.com\/"},{"@type":"ListItem","position":2,"name":"Shop","item":"https:\/\/elixiroilcbd.com\/en\/shop\/"},{"@type":"ListItem","position":3,"name":"Barre CBD anti-douleur"}]},{"@type":"WebSite","@id":"https:\/\/elixiroilcbd.com\/#website","url":"https:\/\/elixiroilcbd.com\/","name":"Elixir CBD Oil","description":"Exp\u00e9rimentez le pouvoir de gu\u00e9rison naturel de l&#039;Elixir Oil CBD","publisher":{"@id":"https:\/\/elixiroilcbd.com\/#organization"},"potentialAction":[{"@type":"SearchAction","target":{"@type":"EntryPoint","urlTemplate":"https:\/\/elixiroilcbd.com\/?s={search_term_string}"},"query-input":"required name=search_term_string"}],"inLanguage":"en-CA"},{"@type":"Organization","@id":"https:\/\/elixiroilcbd.com\/#organization","name":"Elixir CBD Oil","url":"https:\/\/elixiroilcbd.com\/","logo":{"@type":"ImageObject","inLanguage":"en-CA","@id":"https:\/\/elixiroilcbd.com\/#\/schema\/logo\/image\/","url":"https:\/\/elixiroilcbd.com\/wp-content\/uploads\/2022\/05\/LOGOblack.png","contentUrl":"https:\/\/elixiroilcbd.com\/wp-content\/uploads\/2022\/05\/LOGOblack.png","width":1467,"height":555,"caption":"Elixir CBD Oil"},"image":{"@id":"https:\/\/elixiroilcbd.com\/#\/schema\/logo\/image\/"},"sameAs":["https:\/\/www.facebook.com\/profile.php?id=100088182038280","https:\/\/www.instagram.com\/cbdelixircanada\/"]}]}},"jetpack_sharing_enabled":true,"_links":{"self":[{"href":"https:\/\/elixiroilcbd.com\/en\/wp-json\/wp\/v2\/product\/204573"}],"collection":[{"href":"https:\/\/elixiroilcbd.com\/en\/wp-json\/wp\/v2\/product"}],"about":[{"href":"https:\/\/elixiroilcbd.com\/en\/wp-json\/wp\/v2\/types\/product"}],"replies":[{"embeddable":true,"href":"https:\/\/elixiroilcbd.com\/en\/wp-json\/wp\/v2\/comments?post=204573"}],"wp:featuredmedia":[{"embeddable":true,"href":"https:\/\/elixiroilcbd.com\/en\/wp-json\/wp\/v2\/media\/204648"}],"wp:attachment":[{"href":"https:\/\/elixiroilcbd.com\/en\/wp-json\/wp\/v2\/media?parent=204573"}],"wp:term":[{"taxonomy":"product_cat","embeddable":true,"href":"https:\/\/elixiroilcbd.com\/en\/wp-json\/wp\/v2\/product_cat?post=204573"},{"taxonomy":"product_tag","embeddable":true,"href":"https:\/\/elixiroilcbd.com\/en\/wp-json\/wp\/v2\/product_tag?post=204573"}],"curies":[{"name":"wp","href":"https:\/\/api.w.org\/{rel}","templated":true}]}}