{"id":204572,"date":"2023-01-19T23:01:00","date_gmt":"2023-01-19T23:01:00","guid":{"rendered":"https:\/\/elixiroilcbd.com\/?post_type=product&#038;p=204572"},"modified":"2025-10-28T19:58:46","modified_gmt":"2025-10-28T19:58:46","slug":"gummies-elixir","status":"publish","type":"product","link":"https:\/\/elixiroilcbd.com\/en\/product\/gummies-elixir\/","title":{"rendered":"CBD Gummies Fruity Elixir"},"content":{"rendered":"<ul>\n<li><strong>Amount of Mg:<\/strong>\u00a0 the jar contains a total of 500mg.<\/li>\n<li><strong>Amount per gummies:<\/strong> 1 gummies is equivalent to 20mg.<\/li>\n<li><strong>Flavor: <\/strong>Field fruits.<\/li>\n<\/ul>","protected":false},"excerpt":{"rendered":"<p>Want to enjoy the benefits of CBD without the taste? Our fruity CBD gummies are delicious and they make it easy to consume CBD, which can help improve your mental health, reduce anxiety and fight depression. Don't wait any longer, treat yourself to the delicious taste and benefits of CBD!<\/p>","protected":false},"featured_media":226724,"comment_status":"open","ping_status":"closed","template":"","meta":{"_et_pb_use_builder":"","_et_pb_old_content":"","_et_gb_content_width":"","_monsterinsights_skip_tracking":false,"_monsterinsights_sitenote_active":false,"_monsterinsights_sitenote_note":"","_monsterinsights_sitenote_category":0,"cybocfi_hide_featured_image":""},"product_cat":[21,31],"product_tag":[44,26,46,45,43,42],"yoast_head":"<!-- This site is optimized with the Yoast SEO plugin v22.2 - https:\/\/yoast.com\/wordpress\/plugins\/seo\/ -->\n<title>CBD Gummies Fruit\u00e9s Elixir - Elixir Hemp CBD Oil<\/title>\n<meta name=\"robots\" content=\"index, follow, max-snippet:-1, max-image-preview:large, max-video-preview:-1\" \/>\n<link rel=\"canonical\" href=\"https:\/\/elixiroilcbd.com\/en\/product\/gummies-elixir\/\" \/>\n<meta property=\"og:locale\" content=\"en_US\" \/>\n<meta property=\"og:type\" content=\"article\" \/>\n<meta property=\"og:title\" content=\"CBD Gummies Fruit\u00e9s Elixir - Elixir Hemp CBD Oil\" \/>\n<meta property=\"og:description\" content=\"Envie de profiter des bienfaits du CBD sans le go\u00fbt ? Nos gummies fruit\u00e9es au CBD sont d\u00e9licieuses et ils facilitent la consommation de CBD, ce qui peut aider \u00e0 am\u00e9liorer votre sant\u00e9 mentale, \u00e0 r\u00e9duire l&#039;anxi\u00e9t\u00e9 et combat la d\u00e9pression. N&#039;attendez plus, offrez-vous le go\u00fbt d\u00e9licieux et les bienfaits du CBD !\" \/>\n<meta property=\"og:url\" content=\"https:\/\/elixiroilcbd.com\/en\/product\/gummies-elixir\/\" \/>\n<meta property=\"og:site_name\" content=\"Elixir Hemp CBD Oil\" \/>\n<meta property=\"article:publisher\" content=\"https:\/\/www.facebook.com\/profile.php?id=100088182038280\" \/>\n<meta property=\"article:modified_time\" content=\"2025-10-28T19:58:46+00:00\" \/>\n<meta property=\"og:image\" content=\"https:\/\/elixiroilcbd.com\/wp-content\/uploads\/2023\/01\/image_xpG.webp\" \/>\n\t<meta property=\"og:image:width\" content=\"2048\" \/>\n\t<meta property=\"og:image:height\" content=\"2048\" \/>\n\t<meta property=\"og:image:type\" content=\"image\/webp\" \/>\n<meta name=\"twitter:card\" content=\"summary_large_image\" \/>\n<meta name=\"twitter:label1\" content=\"Est. reading time\" \/>\n\t<meta name=\"twitter:data1\" content=\"1 minute\" \/>\n<script type=\"application\/ld+json\" class=\"yoast-schema-graph\">{\"@context\":\"https:\/\/schema.org\",\"@graph\":[{\"@type\":\"WebPage\",\"@id\":\"https:\/\/elixiroilcbd.com\/product\/gummies-elixir\/\",\"url\":\"https:\/\/elixiroilcbd.com\/product\/gummies-elixir\/\",\"name\":\"CBD Gummies Fruit\u00e9s Elixir - Elixir Hemp CBD Oil\",\"isPartOf\":{\"@id\":\"https:\/\/elixiroilcbd.com\/#website\"},\"primaryImageOfPage\":{\"@id\":\"https:\/\/elixiroilcbd.com\/product\/gummies-elixir\/#primaryimage\"},\"image\":{\"@id\":\"https:\/\/elixiroilcbd.com\/product\/gummies-elixir\/#primaryimage\"},\"thumbnailUrl\":\"https:\/\/elixiroilcbd.com\/wp-content\/uploads\/2023\/01\/image_xpG.webp\",\"datePublished\":\"2023-01-19T23:01:00+00:00\",\"dateModified\":\"2025-10-28T19:58:46+00:00\",\"breadcrumb\":{\"@id\":\"https:\/\/elixiroilcbd.com\/product\/gummies-elixir\/#breadcrumb\"},\"inLanguage\":\"en-CA\",\"potentialAction\":[{\"@type\":\"ReadAction\",\"target\":[\"https:\/\/elixiroilcbd.com\/product\/gummies-elixir\/\"]}]},{\"@type\":\"ImageObject\",\"inLanguage\":\"en-CA\",\"@id\":\"https:\/\/elixiroilcbd.com\/product\/gummies-elixir\/#primaryimage\",\"url\":\"https:\/\/elixiroilcbd.com\/wp-content\/uploads\/2023\/01\/image_xpG.webp\",\"contentUrl\":\"https:\/\/elixiroilcbd.com\/wp-content\/uploads\/2023\/01\/image_xpG.webp\",\"width\":2048,\"height\":2048},{\"@type\":\"BreadcrumbList\",\"@id\":\"https:\/\/elixiroilcbd.com\/product\/gummies-elixir\/#breadcrumb\",\"itemListElement\":[{\"@type\":\"ListItem\",\"position\":1,\"name\":\"Home\",\"item\":\"https:\/\/elixiroilcbd.com\/\"},{\"@type\":\"ListItem\",\"position\":2,\"name\":\"Shop\",\"item\":\"https:\/\/elixiroilcbd.com\/en\/shop\/\"},{\"@type\":\"ListItem\",\"position\":3,\"name\":\"CBD Gummies Fruit\u00e9s Elixir\"}]},{\"@type\":\"WebSite\",\"@id\":\"https:\/\/elixiroilcbd.com\/#website\",\"url\":\"https:\/\/elixiroilcbd.com\/\",\"name\":\"Elixir CBD Oil\",\"description\":\"Exp\u00e9rimentez le pouvoir de gu\u00e9rison naturel de l&#039;Elixir Oil CBD\",\"publisher\":{\"@id\":\"https:\/\/elixiroilcbd.com\/#organization\"},\"potentialAction\":[{\"@type\":\"SearchAction\",\"target\":{\"@type\":\"EntryPoint\",\"urlTemplate\":\"https:\/\/elixiroilcbd.com\/?s={search_term_string}\"},\"query-input\":\"required name=search_term_string\"}],\"inLanguage\":\"en-CA\"},{\"@type\":\"Organization\",\"@id\":\"https:\/\/elixiroilcbd.com\/#organization\",\"name\":\"Elixir CBD Oil\",\"url\":\"https:\/\/elixiroilcbd.com\/\",\"logo\":{\"@type\":\"ImageObject\",\"inLanguage\":\"en-CA\",\"@id\":\"https:\/\/elixiroilcbd.com\/#\/schema\/logo\/image\/\",\"url\":\"https:\/\/elixiroilcbd.com\/wp-content\/uploads\/2022\/05\/LOGOblack.png\",\"contentUrl\":\"https:\/\/elixiroilcbd.com\/wp-content\/uploads\/2022\/05\/LOGOblack.png\",\"width\":1467,\"height\":555,\"caption\":\"Elixir CBD Oil\"},\"image\":{\"@id\":\"https:\/\/elixiroilcbd.com\/#\/schema\/logo\/image\/\"},\"sameAs\":[\"https:\/\/www.facebook.com\/profile.php?id=100088182038280\",\"https:\/\/www.instagram.com\/cbdelixircanada\/\"]}]}<\/script>\n<!-- \/ Yoast SEO plugin. -->","yoast_head_json":{"title":"CBD Gummies Fruit\u00e9s Elixir - Elixir Hemp CBD Oil","robots":{"index":"index","follow":"follow","max-snippet":"max-snippet:-1","max-image-preview":"max-image-preview:large","max-video-preview":"max-video-preview:-1"},"canonical":"https:\/\/elixiroilcbd.com\/en\/product\/gummies-elixir\/","og_locale":"en_US","og_type":"article","og_title":"CBD Gummies Fruit\u00e9s Elixir - Elixir Hemp CBD Oil","og_description":"Envie de profiter des bienfaits du CBD sans le go\u00fbt ? Nos gummies fruit\u00e9es au CBD sont d\u00e9licieuses et ils facilitent la consommation de CBD, ce qui peut aider \u00e0 am\u00e9liorer votre sant\u00e9 mentale, \u00e0 r\u00e9duire l'anxi\u00e9t\u00e9 et combat la d\u00e9pression. N'attendez plus, offrez-vous le go\u00fbt d\u00e9licieux et les bienfaits du CBD !","og_url":"https:\/\/elixiroilcbd.com\/en\/product\/gummies-elixir\/","og_site_name":"Elixir Hemp CBD Oil","article_publisher":"https:\/\/www.facebook.com\/profile.php?id=100088182038280","article_modified_time":"2025-10-28T19:58:46+00:00","og_image":[{"width":2048,"height":2048,"url":"https:\/\/elixiroilcbd.com\/wp-content\/uploads\/2023\/01\/image_xpG.webp","type":"image\/webp"}],"twitter_card":"summary_large_image","twitter_misc":{"Est. reading time":"1 minute"},"schema":{"@context":"https:\/\/schema.org","@graph":[{"@type":"WebPage","@id":"https:\/\/elixiroilcbd.com\/product\/gummies-elixir\/","url":"https:\/\/elixiroilcbd.com\/product\/gummies-elixir\/","name":"CBD Gummies Fruit\u00e9s Elixir - Elixir Hemp CBD Oil","isPartOf":{"@id":"https:\/\/elixiroilcbd.com\/#website"},"primaryImageOfPage":{"@id":"https:\/\/elixiroilcbd.com\/product\/gummies-elixir\/#primaryimage"},"image":{"@id":"https:\/\/elixiroilcbd.com\/product\/gummies-elixir\/#primaryimage"},"thumbnailUrl":"https:\/\/elixiroilcbd.com\/wp-content\/uploads\/2023\/01\/image_xpG.webp","datePublished":"2023-01-19T23:01:00+00:00","dateModified":"2025-10-28T19:58:46+00:00","breadcrumb":{"@id":"https:\/\/elixiroilcbd.com\/product\/gummies-elixir\/#breadcrumb"},"inLanguage":"en-CA","potentialAction":[{"@type":"ReadAction","target":["https:\/\/elixiroilcbd.com\/product\/gummies-elixir\/"]}]},{"@type":"ImageObject","inLanguage":"en-CA","@id":"https:\/\/elixiroilcbd.com\/product\/gummies-elixir\/#primaryimage","url":"https:\/\/elixiroilcbd.com\/wp-content\/uploads\/2023\/01\/image_xpG.webp","contentUrl":"https:\/\/elixiroilcbd.com\/wp-content\/uploads\/2023\/01\/image_xpG.webp","width":2048,"height":2048},{"@type":"BreadcrumbList","@id":"https:\/\/elixiroilcbd.com\/product\/gummies-elixir\/#breadcrumb","itemListElement":[{"@type":"ListItem","position":1,"name":"Home","item":"https:\/\/elixiroilcbd.com\/"},{"@type":"ListItem","position":2,"name":"Shop","item":"https:\/\/elixiroilcbd.com\/en\/shop\/"},{"@type":"ListItem","position":3,"name":"CBD Gummies Fruit\u00e9s Elixir"}]},{"@type":"WebSite","@id":"https:\/\/elixiroilcbd.com\/#website","url":"https:\/\/elixiroilcbd.com\/","name":"Elixir CBD Oil","description":"Exp\u00e9rimentez le pouvoir de gu\u00e9rison naturel de l&#039;Elixir Oil CBD","publisher":{"@id":"https:\/\/elixiroilcbd.com\/#organization"},"potentialAction":[{"@type":"SearchAction","target":{"@type":"EntryPoint","urlTemplate":"https:\/\/elixiroilcbd.com\/?s={search_term_string}"},"query-input":"required name=search_term_string"}],"inLanguage":"en-CA"},{"@type":"Organization","@id":"https:\/\/elixiroilcbd.com\/#organization","name":"Elixir CBD Oil","url":"https:\/\/elixiroilcbd.com\/","logo":{"@type":"ImageObject","inLanguage":"en-CA","@id":"https:\/\/elixiroilcbd.com\/#\/schema\/logo\/image\/","url":"https:\/\/elixiroilcbd.com\/wp-content\/uploads\/2022\/05\/LOGOblack.png","contentUrl":"https:\/\/elixiroilcbd.com\/wp-content\/uploads\/2022\/05\/LOGOblack.png","width":1467,"height":555,"caption":"Elixir CBD Oil"},"image":{"@id":"https:\/\/elixiroilcbd.com\/#\/schema\/logo\/image\/"},"sameAs":["https:\/\/www.facebook.com\/profile.php?id=100088182038280","https:\/\/www.instagram.com\/cbdelixircanada\/"]}]}},"jetpack_sharing_enabled":true,"_links":{"self":[{"href":"https:\/\/elixiroilcbd.com\/en\/wp-json\/wp\/v2\/product\/204572"}],"collection":[{"href":"https:\/\/elixiroilcbd.com\/en\/wp-json\/wp\/v2\/product"}],"about":[{"href":"https:\/\/elixiroilcbd.com\/en\/wp-json\/wp\/v2\/types\/product"}],"replies":[{"embeddable":true,"href":"https:\/\/elixiroilcbd.com\/en\/wp-json\/wp\/v2\/comments?post=204572"}],"wp:featuredmedia":[{"embeddable":true,"href":"https:\/\/elixiroilcbd.com\/en\/wp-json\/wp\/v2\/media\/226724"}],"wp:attachment":[{"href":"https:\/\/elixiroilcbd.com\/en\/wp-json\/wp\/v2\/media?parent=204572"}],"wp:term":[{"taxonomy":"product_cat","embeddable":true,"href":"https:\/\/elixiroilcbd.com\/en\/wp-json\/wp\/v2\/product_cat?post=204572"},{"taxonomy":"product_tag","embeddable":true,"href":"https:\/\/elixiroilcbd.com\/en\/wp-json\/wp\/v2\/product_tag?post=204572"}],"curies":[{"name":"wp","href":"https:\/\/api.w.org\/{rel}","templated":true}]}}