{"id":204570,"date":"2023-01-19T23:03:02","date_gmt":"2023-01-19T23:03:02","guid":{"rendered":"https:\/\/elixiroilcbd.com\/?post_type=product&#038;p=204570"},"modified":"2025-09-26T14:11:28","modified_gmt":"2025-09-26T14:11:28","slug":"vapoteuse-vape","status":"publish","type":"product","link":"https:\/\/elixiroilcbd.com\/en\/product\/vapoteuse-vape\/","title":{"rendered":"CBD Vape Elixir"},"content":{"rendered":"<ul>\n<li><strong>Vape<\/strong>\u00a0 contains 1 gram.<\/li>\n<li><strong>Amount of puff:<\/strong> For use over 500 puffs.<\/li>\n<\/ul>","protected":false},"excerpt":{"rendered":"<p>Do you have a busy lifestyle and need a quick and easy way to take CBD? Our concentrated CBD vaporizer is specially formulated for rapid absorption through the respiratory system, allowing you to quickly experience the benefits of CBD even on the go!<\/p>","protected":false},"featured_media":204697,"comment_status":"open","ping_status":"closed","template":"","meta":{"_et_pb_use_builder":"","_et_pb_old_content":"","_et_gb_content_width":"","_monsterinsights_skip_tracking":false,"_monsterinsights_sitenote_active":false,"_monsterinsights_sitenote_note":"","_monsterinsights_sitenote_category":0,"cybocfi_hide_featured_image":""},"product_cat":[21,30],"product_tag":[26,41,40,25,38,39],"yoast_head":"<!-- This site is optimized with the Yoast SEO plugin v22.2 - https:\/\/yoast.com\/wordpress\/plugins\/seo\/ -->\n<title>CBD Vapoteuse (Vape) Elixir - Elixir Hemp CBD Oil<\/title>\n<meta name=\"robots\" content=\"index, follow, max-snippet:-1, max-image-preview:large, max-video-preview:-1\" \/>\n<link rel=\"canonical\" href=\"https:\/\/elixiroilcbd.com\/en\/product\/vapoteuse-vape\/\" \/>\n<meta property=\"og:locale\" content=\"en_US\" \/>\n<meta property=\"og:type\" content=\"article\" \/>\n<meta property=\"og:title\" content=\"CBD Vapoteuse (Vape) Elixir - Elixir Hemp CBD Oil\" \/>\n<meta property=\"og:description\" content=\"Avez-vous un style de vie charg\u00e9 et vous besoin d&#039;un moyen rapide et facile de prendre du CBD ? Notre vapoteuse de CBD concentr\u00e9 est sp\u00e9cialement formul\u00e9 pour une absorption rapide par le syst\u00e8me respiratoire, vous permettant de ressentir rapidement les bienfaits du CBD m\u00eame en d\u00e9placement !\" \/>\n<meta property=\"og:url\" content=\"https:\/\/elixiroilcbd.com\/en\/product\/vapoteuse-vape\/\" \/>\n<meta property=\"og:site_name\" content=\"Elixir Hemp CBD Oil\" \/>\n<meta property=\"article:publisher\" content=\"https:\/\/www.facebook.com\/profile.php?id=100088182038280\" \/>\n<meta property=\"article:modified_time\" content=\"2025-09-26T14:11:28+00:00\" \/>\n<meta property=\"og:image\" content=\"https:\/\/elixiroilcbd.com\/wp-content\/uploads\/2023\/01\/image_iZt.png\" \/>\n\t<meta property=\"og:image:width\" content=\"1024\" \/>\n\t<meta property=\"og:image:height\" content=\"1024\" \/>\n\t<meta property=\"og:image:type\" content=\"image\/png\" \/>\n<meta name=\"twitter:card\" content=\"summary_large_image\" \/>\n<script type=\"application\/ld+json\" class=\"yoast-schema-graph\">{\"@context\":\"https:\/\/schema.org\",\"@graph\":[{\"@type\":\"WebPage\",\"@id\":\"https:\/\/elixiroilcbd.com\/en\/product\/vapoteuse-vape\/\",\"url\":\"https:\/\/elixiroilcbd.com\/en\/product\/vapoteuse-vape\/\",\"name\":\"CBD Vapoteuse (Vape) Elixir - Elixir Hemp CBD Oil\",\"isPartOf\":{\"@id\":\"https:\/\/elixiroilcbd.com\/#website\"},\"primaryImageOfPage\":{\"@id\":\"https:\/\/elixiroilcbd.com\/en\/product\/vapoteuse-vape\/#primaryimage\"},\"image\":{\"@id\":\"https:\/\/elixiroilcbd.com\/en\/product\/vapoteuse-vape\/#primaryimage\"},\"thumbnailUrl\":\"https:\/\/elixiroilcbd.com\/wp-content\/uploads\/2023\/01\/image_iZt.png\",\"datePublished\":\"2023-01-19T23:03:02+00:00\",\"dateModified\":\"2025-09-26T14:11:28+00:00\",\"breadcrumb\":{\"@id\":\"https:\/\/elixiroilcbd.com\/en\/product\/vapoteuse-vape\/#breadcrumb\"},\"inLanguage\":\"en-CA\",\"potentialAction\":[{\"@type\":\"ReadAction\",\"target\":[\"https:\/\/elixiroilcbd.com\/en\/product\/vapoteuse-vape\/\"]}]},{\"@type\":\"ImageObject\",\"inLanguage\":\"en-CA\",\"@id\":\"https:\/\/elixiroilcbd.com\/en\/product\/vapoteuse-vape\/#primaryimage\",\"url\":\"https:\/\/elixiroilcbd.com\/wp-content\/uploads\/2023\/01\/image_iZt.png\",\"contentUrl\":\"https:\/\/elixiroilcbd.com\/wp-content\/uploads\/2023\/01\/image_iZt.png\",\"width\":1024,\"height\":1024},{\"@type\":\"BreadcrumbList\",\"@id\":\"https:\/\/elixiroilcbd.com\/en\/product\/vapoteuse-vape\/#breadcrumb\",\"itemListElement\":[{\"@type\":\"ListItem\",\"position\":1,\"name\":\"Home\",\"item\":\"https:\/\/elixiroilcbd.com\/\"},{\"@type\":\"ListItem\",\"position\":2,\"name\":\"Shop\",\"item\":\"https:\/\/elixiroilcbd.com\/en\/shop\/\"},{\"@type\":\"ListItem\",\"position\":3,\"name\":\"CBD Vapoteuse (Vape) Elixir\"}]},{\"@type\":\"WebSite\",\"@id\":\"https:\/\/elixiroilcbd.com\/#website\",\"url\":\"https:\/\/elixiroilcbd.com\/\",\"name\":\"Elixir CBD Oil\",\"description\":\"Exp\u00e9rimentez le pouvoir de gu\u00e9rison naturel de l&#039;Elixir Oil CBD\",\"publisher\":{\"@id\":\"https:\/\/elixiroilcbd.com\/#organization\"},\"potentialAction\":[{\"@type\":\"SearchAction\",\"target\":{\"@type\":\"EntryPoint\",\"urlTemplate\":\"https:\/\/elixiroilcbd.com\/?s={search_term_string}\"},\"query-input\":\"required name=search_term_string\"}],\"inLanguage\":\"en-CA\"},{\"@type\":\"Organization\",\"@id\":\"https:\/\/elixiroilcbd.com\/#organization\",\"name\":\"Elixir CBD Oil\",\"url\":\"https:\/\/elixiroilcbd.com\/\",\"logo\":{\"@type\":\"ImageObject\",\"inLanguage\":\"en-CA\",\"@id\":\"https:\/\/elixiroilcbd.com\/#\/schema\/logo\/image\/\",\"url\":\"https:\/\/elixiroilcbd.com\/wp-content\/uploads\/2022\/05\/LOGOblack.png\",\"contentUrl\":\"https:\/\/elixiroilcbd.com\/wp-content\/uploads\/2022\/05\/LOGOblack.png\",\"width\":1467,\"height\":555,\"caption\":\"Elixir CBD Oil\"},\"image\":{\"@id\":\"https:\/\/elixiroilcbd.com\/#\/schema\/logo\/image\/\"},\"sameAs\":[\"https:\/\/www.facebook.com\/profile.php?id=100088182038280\",\"https:\/\/www.instagram.com\/cbdelixircanada\/\"]}]}<\/script>\n<!-- \/ Yoast SEO plugin. -->","yoast_head_json":{"title":"CBD Vapoteuse (Vape) Elixir - Elixir Hemp CBD Oil","robots":{"index":"index","follow":"follow","max-snippet":"max-snippet:-1","max-image-preview":"max-image-preview:large","max-video-preview":"max-video-preview:-1"},"canonical":"https:\/\/elixiroilcbd.com\/en\/product\/vapoteuse-vape\/","og_locale":"en_US","og_type":"article","og_title":"CBD Vapoteuse (Vape) Elixir - Elixir Hemp CBD Oil","og_description":"Avez-vous un style de vie charg\u00e9 et vous besoin d'un moyen rapide et facile de prendre du CBD ? Notre vapoteuse de CBD concentr\u00e9 est sp\u00e9cialement formul\u00e9 pour une absorption rapide par le syst\u00e8me respiratoire, vous permettant de ressentir rapidement les bienfaits du CBD m\u00eame en d\u00e9placement !","og_url":"https:\/\/elixiroilcbd.com\/en\/product\/vapoteuse-vape\/","og_site_name":"Elixir Hemp CBD Oil","article_publisher":"https:\/\/www.facebook.com\/profile.php?id=100088182038280","article_modified_time":"2025-09-26T14:11:28+00:00","og_image":[{"width":1024,"height":1024,"url":"https:\/\/elixiroilcbd.com\/wp-content\/uploads\/2023\/01\/image_iZt.png","type":"image\/png"}],"twitter_card":"summary_large_image","schema":{"@context":"https:\/\/schema.org","@graph":[{"@type":"WebPage","@id":"https:\/\/elixiroilcbd.com\/en\/product\/vapoteuse-vape\/","url":"https:\/\/elixiroilcbd.com\/en\/product\/vapoteuse-vape\/","name":"CBD Vapoteuse (Vape) Elixir - Elixir Hemp CBD Oil","isPartOf":{"@id":"https:\/\/elixiroilcbd.com\/#website"},"primaryImageOfPage":{"@id":"https:\/\/elixiroilcbd.com\/en\/product\/vapoteuse-vape\/#primaryimage"},"image":{"@id":"https:\/\/elixiroilcbd.com\/en\/product\/vapoteuse-vape\/#primaryimage"},"thumbnailUrl":"https:\/\/elixiroilcbd.com\/wp-content\/uploads\/2023\/01\/image_iZt.png","datePublished":"2023-01-19T23:03:02+00:00","dateModified":"2025-09-26T14:11:28+00:00","breadcrumb":{"@id":"https:\/\/elixiroilcbd.com\/en\/product\/vapoteuse-vape\/#breadcrumb"},"inLanguage":"en-CA","potentialAction":[{"@type":"ReadAction","target":["https:\/\/elixiroilcbd.com\/en\/product\/vapoteuse-vape\/"]}]},{"@type":"ImageObject","inLanguage":"en-CA","@id":"https:\/\/elixiroilcbd.com\/en\/product\/vapoteuse-vape\/#primaryimage","url":"https:\/\/elixiroilcbd.com\/wp-content\/uploads\/2023\/01\/image_iZt.png","contentUrl":"https:\/\/elixiroilcbd.com\/wp-content\/uploads\/2023\/01\/image_iZt.png","width":1024,"height":1024},{"@type":"BreadcrumbList","@id":"https:\/\/elixiroilcbd.com\/en\/product\/vapoteuse-vape\/#breadcrumb","itemListElement":[{"@type":"ListItem","position":1,"name":"Home","item":"https:\/\/elixiroilcbd.com\/"},{"@type":"ListItem","position":2,"name":"Shop","item":"https:\/\/elixiroilcbd.com\/en\/shop\/"},{"@type":"ListItem","position":3,"name":"CBD Vapoteuse (Vape) Elixir"}]},{"@type":"WebSite","@id":"https:\/\/elixiroilcbd.com\/#website","url":"https:\/\/elixiroilcbd.com\/","name":"Elixir CBD Oil","description":"Exp\u00e9rimentez le pouvoir de gu\u00e9rison naturel de l&#039;Elixir Oil CBD","publisher":{"@id":"https:\/\/elixiroilcbd.com\/#organization"},"potentialAction":[{"@type":"SearchAction","target":{"@type":"EntryPoint","urlTemplate":"https:\/\/elixiroilcbd.com\/?s={search_term_string}"},"query-input":"required name=search_term_string"}],"inLanguage":"en-CA"},{"@type":"Organization","@id":"https:\/\/elixiroilcbd.com\/#organization","name":"Elixir CBD Oil","url":"https:\/\/elixiroilcbd.com\/","logo":{"@type":"ImageObject","inLanguage":"en-CA","@id":"https:\/\/elixiroilcbd.com\/#\/schema\/logo\/image\/","url":"https:\/\/elixiroilcbd.com\/wp-content\/uploads\/2022\/05\/LOGOblack.png","contentUrl":"https:\/\/elixiroilcbd.com\/wp-content\/uploads\/2022\/05\/LOGOblack.png","width":1467,"height":555,"caption":"Elixir CBD Oil"},"image":{"@id":"https:\/\/elixiroilcbd.com\/#\/schema\/logo\/image\/"},"sameAs":["https:\/\/www.facebook.com\/profile.php?id=100088182038280","https:\/\/www.instagram.com\/cbdelixircanada\/"]}]}},"jetpack_sharing_enabled":true,"_links":{"self":[{"href":"https:\/\/elixiroilcbd.com\/en\/wp-json\/wp\/v2\/product\/204570"}],"collection":[{"href":"https:\/\/elixiroilcbd.com\/en\/wp-json\/wp\/v2\/product"}],"about":[{"href":"https:\/\/elixiroilcbd.com\/en\/wp-json\/wp\/v2\/types\/product"}],"replies":[{"embeddable":true,"href":"https:\/\/elixiroilcbd.com\/en\/wp-json\/wp\/v2\/comments?post=204570"}],"wp:featuredmedia":[{"embeddable":true,"href":"https:\/\/elixiroilcbd.com\/en\/wp-json\/wp\/v2\/media\/204697"}],"wp:attachment":[{"href":"https:\/\/elixiroilcbd.com\/en\/wp-json\/wp\/v2\/media?parent=204570"}],"wp:term":[{"taxonomy":"product_cat","embeddable":true,"href":"https:\/\/elixiroilcbd.com\/en\/wp-json\/wp\/v2\/product_cat?post=204570"},{"taxonomy":"product_tag","embeddable":true,"href":"https:\/\/elixiroilcbd.com\/en\/wp-json\/wp\/v2\/product_tag?post=204570"}],"curies":[{"name":"wp","href":"https:\/\/api.w.org\/{rel}","templated":true}]}}