{"id":204564,"date":"2023-01-19T23:02:12","date_gmt":"2023-01-19T23:02:12","guid":{"rendered":"https:\/\/elixiroilcbd.com\/?post_type=product&#038;p=204564"},"modified":"2025-09-02T21:55:00","modified_gmt":"2025-09-02T21:55:00","slug":"huile-de-cbd-pour-animaux","status":"publish","type":"product","link":"https:\/\/elixiroilcbd.com\/en\/product\/huile-de-cbd-pour-animaux\/","title":{"rendered":"CBD oil for animals"},"content":{"rendered":"<ul>\n<li><strong>Bottles Offered:<\/strong>\u00a0 15 ml and 30 ml<\/li>\n<li><strong>Quantity in milligrams:<\/strong>\u00a0The 15 ml bottle contains 500mg and the 30 ml bottle contains 1000mg.<\/li>\n<\/ul>","protected":false},"excerpt":{"rendered":"<p>Would you like to improve the health of your four-legged friend? CBD oil for pets can be beneficial in reducing inflammation and improving joint health. With its anti-inflammatory properties, it can help relieve pain and soreness in the joints, which can improve mobility and flexibility. Using a specially formulated 100% organic CBD oil for pets like this one can provide your pet with an all-natural solution to support their joint health and improve their overall quality of life!<\/p>","protected":false},"featured_media":204647,"comment_status":"open","ping_status":"closed","template":"","meta":{"_et_pb_use_builder":"","_et_pb_old_content":"","_et_gb_content_width":"","_monsterinsights_skip_tracking":false,"_monsterinsights_sitenote_active":false,"_monsterinsights_sitenote_note":"","_monsterinsights_sitenote_category":0,"cybocfi_hide_featured_image":""},"product_cat":[21],"product_tag":[37,36,33,26,35,34,25],"yoast_head":"<!-- This site is optimized with the Yoast SEO plugin v22.2 - https:\/\/yoast.com\/wordpress\/plugins\/seo\/ -->\n<title>Huile de CBD pour animaux - Elixir Hemp CBD Oil<\/title>\n<meta name=\"robots\" content=\"index, follow, max-snippet:-1, max-image-preview:large, max-video-preview:-1\" \/>\n<link rel=\"canonical\" href=\"https:\/\/elixiroilcbd.com\/en\/product\/huile-de-cbd-pour-animaux\/\" \/>\n<meta property=\"og:locale\" content=\"en_US\" \/>\n<meta property=\"og:type\" content=\"article\" \/>\n<meta property=\"og:title\" content=\"Huile de CBD pour animaux - Elixir Hemp CBD Oil\" \/>\n<meta property=\"og:description\" content=\"Souhaitez-vous am\u00e9liorez la sant\u00e9 de votre compagnion \u00e0 quatre pattes? L&#039;huile de CBD pour animaux de compagnie peut \u00eatre b\u00e9n\u00e9fique pour r\u00e9duire l&#039;inflammation et am\u00e9liorer la sant\u00e9 des articulations. Gr\u00e2ce \u00e0 ses propri\u00e9t\u00e9s anti-inflammatoires, il peut aider \u00e0 soulager la douleur et la douleur dans les articulations, ce qui peut am\u00e9liorer la mobilit\u00e9 et la flexibilit\u00e9. L&#039;utilisation d&#039;une huile de CBD 100 % biologique sp\u00e9cialement formul\u00e9e pour les animaux de compagnie comme celui-ci peut fournir \u00e0 votre animal une solution enti\u00e8rement naturelle pour soutenir sa sant\u00e9 articulaire et am\u00e9liorer sa qualit\u00e9 de vie globale!\" \/>\n<meta property=\"og:url\" content=\"https:\/\/elixiroilcbd.com\/en\/product\/huile-de-cbd-pour-animaux\/\" \/>\n<meta property=\"og:site_name\" content=\"Elixir Hemp CBD Oil\" \/>\n<meta property=\"article:publisher\" content=\"https:\/\/www.facebook.com\/profile.php?id=100088182038280\" \/>\n<meta property=\"article:modified_time\" content=\"2025-09-02T21:55:00+00:00\" \/>\n<meta property=\"og:image\" content=\"https:\/\/elixiroilcbd.com\/wp-content\/uploads\/2023\/01\/CBDD_OilAnimal.jpg\" \/>\n\t<meta property=\"og:image:width\" content=\"800\" \/>\n\t<meta property=\"og:image:height\" content=\"800\" \/>\n\t<meta property=\"og:image:type\" content=\"image\/jpeg\" \/>\n<meta name=\"twitter:card\" content=\"summary_large_image\" \/>\n<script type=\"application\/ld+json\" class=\"yoast-schema-graph\">{\"@context\":\"https:\/\/schema.org\",\"@graph\":[{\"@type\":\"WebPage\",\"@id\":\"https:\/\/elixiroilcbd.com\/product\/huile-de-cbd-pour-animaux\/\",\"url\":\"https:\/\/elixiroilcbd.com\/product\/huile-de-cbd-pour-animaux\/\",\"name\":\"Huile de CBD pour animaux - Elixir Hemp CBD Oil\",\"isPartOf\":{\"@id\":\"https:\/\/elixiroilcbd.com\/#website\"},\"primaryImageOfPage\":{\"@id\":\"https:\/\/elixiroilcbd.com\/product\/huile-de-cbd-pour-animaux\/#primaryimage\"},\"image\":{\"@id\":\"https:\/\/elixiroilcbd.com\/product\/huile-de-cbd-pour-animaux\/#primaryimage\"},\"thumbnailUrl\":\"https:\/\/elixiroilcbd.com\/wp-content\/uploads\/2023\/01\/CBDD_OilAnimal.jpg\",\"datePublished\":\"2023-01-19T23:02:12+00:00\",\"dateModified\":\"2025-09-02T21:55:00+00:00\",\"breadcrumb\":{\"@id\":\"https:\/\/elixiroilcbd.com\/product\/huile-de-cbd-pour-animaux\/#breadcrumb\"},\"inLanguage\":\"en-CA\",\"potentialAction\":[{\"@type\":\"ReadAction\",\"target\":[\"https:\/\/elixiroilcbd.com\/product\/huile-de-cbd-pour-animaux\/\"]}]},{\"@type\":\"ImageObject\",\"inLanguage\":\"en-CA\",\"@id\":\"https:\/\/elixiroilcbd.com\/product\/huile-de-cbd-pour-animaux\/#primaryimage\",\"url\":\"https:\/\/elixiroilcbd.com\/wp-content\/uploads\/2023\/01\/CBDD_OilAnimal.jpg\",\"contentUrl\":\"https:\/\/elixiroilcbd.com\/wp-content\/uploads\/2023\/01\/CBDD_OilAnimal.jpg\",\"width\":800,\"height\":800},{\"@type\":\"BreadcrumbList\",\"@id\":\"https:\/\/elixiroilcbd.com\/product\/huile-de-cbd-pour-animaux\/#breadcrumb\",\"itemListElement\":[{\"@type\":\"ListItem\",\"position\":1,\"name\":\"Home\",\"item\":\"https:\/\/elixiroilcbd.com\/\"},{\"@type\":\"ListItem\",\"position\":2,\"name\":\"Shop\",\"item\":\"https:\/\/elixiroilcbd.com\/en\/shop\/\"},{\"@type\":\"ListItem\",\"position\":3,\"name\":\"Huile de CBD pour animaux\"}]},{\"@type\":\"WebSite\",\"@id\":\"https:\/\/elixiroilcbd.com\/#website\",\"url\":\"https:\/\/elixiroilcbd.com\/\",\"name\":\"Elixir CBD Oil\",\"description\":\"Exp\u00e9rimentez le pouvoir de gu\u00e9rison naturel de l&#039;Elixir Oil CBD\",\"publisher\":{\"@id\":\"https:\/\/elixiroilcbd.com\/#organization\"},\"potentialAction\":[{\"@type\":\"SearchAction\",\"target\":{\"@type\":\"EntryPoint\",\"urlTemplate\":\"https:\/\/elixiroilcbd.com\/?s={search_term_string}\"},\"query-input\":\"required name=search_term_string\"}],\"inLanguage\":\"en-CA\"},{\"@type\":\"Organization\",\"@id\":\"https:\/\/elixiroilcbd.com\/#organization\",\"name\":\"Elixir CBD Oil\",\"url\":\"https:\/\/elixiroilcbd.com\/\",\"logo\":{\"@type\":\"ImageObject\",\"inLanguage\":\"en-CA\",\"@id\":\"https:\/\/elixiroilcbd.com\/#\/schema\/logo\/image\/\",\"url\":\"https:\/\/elixiroilcbd.com\/wp-content\/uploads\/2022\/05\/LOGOblack.png\",\"contentUrl\":\"https:\/\/elixiroilcbd.com\/wp-content\/uploads\/2022\/05\/LOGOblack.png\",\"width\":1467,\"height\":555,\"caption\":\"Elixir CBD Oil\"},\"image\":{\"@id\":\"https:\/\/elixiroilcbd.com\/#\/schema\/logo\/image\/\"},\"sameAs\":[\"https:\/\/www.facebook.com\/profile.php?id=100088182038280\",\"https:\/\/www.instagram.com\/cbdelixircanada\/\"]}]}<\/script>\n<!-- \/ Yoast SEO plugin. -->","yoast_head_json":{"title":"Huile de CBD pour animaux - Elixir Hemp CBD Oil","robots":{"index":"index","follow":"follow","max-snippet":"max-snippet:-1","max-image-preview":"max-image-preview:large","max-video-preview":"max-video-preview:-1"},"canonical":"https:\/\/elixiroilcbd.com\/en\/product\/huile-de-cbd-pour-animaux\/","og_locale":"en_US","og_type":"article","og_title":"Huile de CBD pour animaux - Elixir Hemp CBD Oil","og_description":"Souhaitez-vous am\u00e9liorez la sant\u00e9 de votre compagnion \u00e0 quatre pattes? L'huile de CBD pour animaux de compagnie peut \u00eatre b\u00e9n\u00e9fique pour r\u00e9duire l'inflammation et am\u00e9liorer la sant\u00e9 des articulations. Gr\u00e2ce \u00e0 ses propri\u00e9t\u00e9s anti-inflammatoires, il peut aider \u00e0 soulager la douleur et la douleur dans les articulations, ce qui peut am\u00e9liorer la mobilit\u00e9 et la flexibilit\u00e9. L'utilisation d'une huile de CBD 100 % biologique sp\u00e9cialement formul\u00e9e pour les animaux de compagnie comme celui-ci peut fournir \u00e0 votre animal une solution enti\u00e8rement naturelle pour soutenir sa sant\u00e9 articulaire et am\u00e9liorer sa qualit\u00e9 de vie globale!","og_url":"https:\/\/elixiroilcbd.com\/en\/product\/huile-de-cbd-pour-animaux\/","og_site_name":"Elixir Hemp CBD Oil","article_publisher":"https:\/\/www.facebook.com\/profile.php?id=100088182038280","article_modified_time":"2025-09-02T21:55:00+00:00","og_image":[{"width":800,"height":800,"url":"https:\/\/elixiroilcbd.com\/wp-content\/uploads\/2023\/01\/CBDD_OilAnimal.jpg","type":"image\/jpeg"}],"twitter_card":"summary_large_image","schema":{"@context":"https:\/\/schema.org","@graph":[{"@type":"WebPage","@id":"https:\/\/elixiroilcbd.com\/product\/huile-de-cbd-pour-animaux\/","url":"https:\/\/elixiroilcbd.com\/product\/huile-de-cbd-pour-animaux\/","name":"Huile de CBD pour animaux - Elixir Hemp CBD Oil","isPartOf":{"@id":"https:\/\/elixiroilcbd.com\/#website"},"primaryImageOfPage":{"@id":"https:\/\/elixiroilcbd.com\/product\/huile-de-cbd-pour-animaux\/#primaryimage"},"image":{"@id":"https:\/\/elixiroilcbd.com\/product\/huile-de-cbd-pour-animaux\/#primaryimage"},"thumbnailUrl":"https:\/\/elixiroilcbd.com\/wp-content\/uploads\/2023\/01\/CBDD_OilAnimal.jpg","datePublished":"2023-01-19T23:02:12+00:00","dateModified":"2025-09-02T21:55:00+00:00","breadcrumb":{"@id":"https:\/\/elixiroilcbd.com\/product\/huile-de-cbd-pour-animaux\/#breadcrumb"},"inLanguage":"en-CA","potentialAction":[{"@type":"ReadAction","target":["https:\/\/elixiroilcbd.com\/product\/huile-de-cbd-pour-animaux\/"]}]},{"@type":"ImageObject","inLanguage":"en-CA","@id":"https:\/\/elixiroilcbd.com\/product\/huile-de-cbd-pour-animaux\/#primaryimage","url":"https:\/\/elixiroilcbd.com\/wp-content\/uploads\/2023\/01\/CBDD_OilAnimal.jpg","contentUrl":"https:\/\/elixiroilcbd.com\/wp-content\/uploads\/2023\/01\/CBDD_OilAnimal.jpg","width":800,"height":800},{"@type":"BreadcrumbList","@id":"https:\/\/elixiroilcbd.com\/product\/huile-de-cbd-pour-animaux\/#breadcrumb","itemListElement":[{"@type":"ListItem","position":1,"name":"Home","item":"https:\/\/elixiroilcbd.com\/"},{"@type":"ListItem","position":2,"name":"Shop","item":"https:\/\/elixiroilcbd.com\/en\/shop\/"},{"@type":"ListItem","position":3,"name":"Huile de CBD pour animaux"}]},{"@type":"WebSite","@id":"https:\/\/elixiroilcbd.com\/#website","url":"https:\/\/elixiroilcbd.com\/","name":"Elixir CBD Oil","description":"Exp\u00e9rimentez le pouvoir de gu\u00e9rison naturel de l&#039;Elixir Oil CBD","publisher":{"@id":"https:\/\/elixiroilcbd.com\/#organization"},"potentialAction":[{"@type":"SearchAction","target":{"@type":"EntryPoint","urlTemplate":"https:\/\/elixiroilcbd.com\/?s={search_term_string}"},"query-input":"required name=search_term_string"}],"inLanguage":"en-CA"},{"@type":"Organization","@id":"https:\/\/elixiroilcbd.com\/#organization","name":"Elixir CBD Oil","url":"https:\/\/elixiroilcbd.com\/","logo":{"@type":"ImageObject","inLanguage":"en-CA","@id":"https:\/\/elixiroilcbd.com\/#\/schema\/logo\/image\/","url":"https:\/\/elixiroilcbd.com\/wp-content\/uploads\/2022\/05\/LOGOblack.png","contentUrl":"https:\/\/elixiroilcbd.com\/wp-content\/uploads\/2022\/05\/LOGOblack.png","width":1467,"height":555,"caption":"Elixir CBD Oil"},"image":{"@id":"https:\/\/elixiroilcbd.com\/#\/schema\/logo\/image\/"},"sameAs":["https:\/\/www.facebook.com\/profile.php?id=100088182038280","https:\/\/www.instagram.com\/cbdelixircanada\/"]}]}},"jetpack_sharing_enabled":true,"_links":{"self":[{"href":"https:\/\/elixiroilcbd.com\/en\/wp-json\/wp\/v2\/product\/204564"}],"collection":[{"href":"https:\/\/elixiroilcbd.com\/en\/wp-json\/wp\/v2\/product"}],"about":[{"href":"https:\/\/elixiroilcbd.com\/en\/wp-json\/wp\/v2\/types\/product"}],"replies":[{"embeddable":true,"href":"https:\/\/elixiroilcbd.com\/en\/wp-json\/wp\/v2\/comments?post=204564"}],"wp:featuredmedia":[{"embeddable":true,"href":"https:\/\/elixiroilcbd.com\/en\/wp-json\/wp\/v2\/media\/204647"}],"wp:attachment":[{"href":"https:\/\/elixiroilcbd.com\/en\/wp-json\/wp\/v2\/media?parent=204564"}],"wp:term":[{"taxonomy":"product_cat","embeddable":true,"href":"https:\/\/elixiroilcbd.com\/en\/wp-json\/wp\/v2\/product_cat?post=204564"},{"taxonomy":"product_tag","embeddable":true,"href":"https:\/\/elixiroilcbd.com\/en\/wp-json\/wp\/v2\/product_tag?post=204564"}],"curies":[{"name":"wp","href":"https:\/\/api.w.org\/{rel}","templated":true}]}}