{"id":204556,"date":"2023-01-19T23:04:34","date_gmt":"2023-01-19T23:04:34","guid":{"rendered":"https:\/\/elixiroilcbd.com\/?post_type=product&#038;p=204556"},"modified":"2025-09-26T14:10:39","modified_gmt":"2025-09-26T14:10:39","slug":"huile-en-bouteille","status":"publish","type":"product","link":"https:\/\/elixiroilcbd.com\/en\/product\/huile-en-bouteille\/","title":{"rendered":"CBD oil in a bottle"},"content":{"rendered":"<ul>\n<li><strong>Bottles Offered:<\/strong>\u00a0 15 ml and 30 ml<\/li>\n<li><strong>Quantity in milligrams:<\/strong> The 15 ml bottle contains 500mg and the 30 ml bottle contains 1000mg.<\/li>\n<\/ul>","protected":false},"excerpt":{"rendered":"<p>Looking for a natural way to manage stress and anxiety? Our premium Swiss-formulated CBD isolate oil may be just what you need. With zero THC, it is safe for adults and children to use sublingually or topically. Try it today and enhance your wellness routine!<\/p>","protected":false},"featured_media":204646,"comment_status":"open","ping_status":"closed","template":"","meta":{"_et_pb_use_builder":"","_et_pb_old_content":"","_et_gb_content_width":"","_monsterinsights_skip_tracking":false,"_monsterinsights_sitenote_active":false,"_monsterinsights_sitenote_note":"","_monsterinsights_sitenote_category":0,"cybocfi_hide_featured_image":""},"product_cat":[21,29],"product_tag":[27,24,26,28,25],"yoast_head":"<!-- This site is optimized with the Yoast SEO plugin v22.2 - https:\/\/yoast.com\/wordpress\/plugins\/seo\/ -->\n<title>Huile de CBD en bouteille - Elixir Hemp CBD Oil<\/title>\n<meta name=\"robots\" content=\"index, follow, max-snippet:-1, max-image-preview:large, max-video-preview:-1\" \/>\n<link rel=\"canonical\" href=\"https:\/\/elixiroilcbd.com\/en\/product\/huile-en-bouteille\/\" \/>\n<meta property=\"og:locale\" content=\"en_US\" \/>\n<meta property=\"og:type\" content=\"article\" \/>\n<meta property=\"og:title\" content=\"Huile de CBD en bouteille - Elixir Hemp CBD Oil\" \/>\n<meta property=\"og:description\" content=\"Vous cherchez un moyen naturel de g\u00e9rer votre stress et votre anxi\u00e9t\u00e9 ? Notre huile d&#039;isolat de CBD de qualit\u00e9 sup\u00e9rieure formul\u00e9e en Suisse peut \u00eatre exactement ce dont vous avez besoin. Avec z\u00e9ro THC, il est sans danger pour les adultes et les enfants \u00e0 utiliser par voie sublinguale ou topique. Essayez-le aujourd&#039;hui et am\u00e9liorez votre routine de bien-\u00eatre !\" \/>\n<meta property=\"og:url\" content=\"https:\/\/elixiroilcbd.com\/en\/product\/huile-en-bouteille\/\" \/>\n<meta property=\"og:site_name\" content=\"Elixir Hemp CBD Oil\" \/>\n<meta property=\"article:publisher\" content=\"https:\/\/www.facebook.com\/profile.php?id=100088182038280\" \/>\n<meta property=\"article:modified_time\" content=\"2025-09-26T14:10:39+00:00\" \/>\n<meta property=\"og:image\" content=\"https:\/\/elixiroilcbd.com\/wp-content\/uploads\/2023\/01\/CBDD_oil.jpg\" \/>\n\t<meta property=\"og:image:width\" content=\"800\" \/>\n\t<meta property=\"og:image:height\" content=\"800\" \/>\n\t<meta property=\"og:image:type\" content=\"image\/jpeg\" \/>\n<meta name=\"twitter:card\" content=\"summary_large_image\" \/>\n<script type=\"application\/ld+json\" class=\"yoast-schema-graph\">{\"@context\":\"https:\/\/schema.org\",\"@graph\":[{\"@type\":\"WebPage\",\"@id\":\"https:\/\/elixiroilcbd.com\/product\/huile-en-bouteille\/\",\"url\":\"https:\/\/elixiroilcbd.com\/product\/huile-en-bouteille\/\",\"name\":\"Huile de CBD en bouteille - Elixir Hemp CBD Oil\",\"isPartOf\":{\"@id\":\"https:\/\/elixiroilcbd.com\/#website\"},\"primaryImageOfPage\":{\"@id\":\"https:\/\/elixiroilcbd.com\/product\/huile-en-bouteille\/#primaryimage\"},\"image\":{\"@id\":\"https:\/\/elixiroilcbd.com\/product\/huile-en-bouteille\/#primaryimage\"},\"thumbnailUrl\":\"https:\/\/elixiroilcbd.com\/wp-content\/uploads\/2023\/01\/CBDD_oil.jpg\",\"datePublished\":\"2023-01-19T23:04:34+00:00\",\"dateModified\":\"2025-09-26T14:10:39+00:00\",\"breadcrumb\":{\"@id\":\"https:\/\/elixiroilcbd.com\/product\/huile-en-bouteille\/#breadcrumb\"},\"inLanguage\":\"en-CA\",\"potentialAction\":[{\"@type\":\"ReadAction\",\"target\":[\"https:\/\/elixiroilcbd.com\/product\/huile-en-bouteille\/\"]}]},{\"@type\":\"ImageObject\",\"inLanguage\":\"en-CA\",\"@id\":\"https:\/\/elixiroilcbd.com\/product\/huile-en-bouteille\/#primaryimage\",\"url\":\"https:\/\/elixiroilcbd.com\/wp-content\/uploads\/2023\/01\/CBDD_oil.jpg\",\"contentUrl\":\"https:\/\/elixiroilcbd.com\/wp-content\/uploads\/2023\/01\/CBDD_oil.jpg\",\"width\":800,\"height\":800},{\"@type\":\"BreadcrumbList\",\"@id\":\"https:\/\/elixiroilcbd.com\/product\/huile-en-bouteille\/#breadcrumb\",\"itemListElement\":[{\"@type\":\"ListItem\",\"position\":1,\"name\":\"Home\",\"item\":\"https:\/\/elixiroilcbd.com\/\"},{\"@type\":\"ListItem\",\"position\":2,\"name\":\"Shop\",\"item\":\"https:\/\/elixiroilcbd.com\/en\/shop\/\"},{\"@type\":\"ListItem\",\"position\":3,\"name\":\"Huile de CBD en bouteille\"}]},{\"@type\":\"WebSite\",\"@id\":\"https:\/\/elixiroilcbd.com\/#website\",\"url\":\"https:\/\/elixiroilcbd.com\/\",\"name\":\"Elixir CBD Oil\",\"description\":\"Exp\u00e9rimentez le pouvoir de gu\u00e9rison naturel de l&#039;Elixir Oil CBD\",\"publisher\":{\"@id\":\"https:\/\/elixiroilcbd.com\/#organization\"},\"potentialAction\":[{\"@type\":\"SearchAction\",\"target\":{\"@type\":\"EntryPoint\",\"urlTemplate\":\"https:\/\/elixiroilcbd.com\/?s={search_term_string}\"},\"query-input\":\"required name=search_term_string\"}],\"inLanguage\":\"en-CA\"},{\"@type\":\"Organization\",\"@id\":\"https:\/\/elixiroilcbd.com\/#organization\",\"name\":\"Elixir CBD Oil\",\"url\":\"https:\/\/elixiroilcbd.com\/\",\"logo\":{\"@type\":\"ImageObject\",\"inLanguage\":\"en-CA\",\"@id\":\"https:\/\/elixiroilcbd.com\/#\/schema\/logo\/image\/\",\"url\":\"https:\/\/elixiroilcbd.com\/wp-content\/uploads\/2022\/05\/LOGOblack.png\",\"contentUrl\":\"https:\/\/elixiroilcbd.com\/wp-content\/uploads\/2022\/05\/LOGOblack.png\",\"width\":1467,\"height\":555,\"caption\":\"Elixir CBD Oil\"},\"image\":{\"@id\":\"https:\/\/elixiroilcbd.com\/#\/schema\/logo\/image\/\"},\"sameAs\":[\"https:\/\/www.facebook.com\/profile.php?id=100088182038280\",\"https:\/\/www.instagram.com\/cbdelixircanada\/\"]}]}<\/script>\n<!-- \/ Yoast SEO plugin. -->","yoast_head_json":{"title":"Huile de CBD en bouteille - Elixir Hemp CBD Oil","robots":{"index":"index","follow":"follow","max-snippet":"max-snippet:-1","max-image-preview":"max-image-preview:large","max-video-preview":"max-video-preview:-1"},"canonical":"https:\/\/elixiroilcbd.com\/en\/product\/huile-en-bouteille\/","og_locale":"en_US","og_type":"article","og_title":"Huile de CBD en bouteille - Elixir Hemp CBD Oil","og_description":"Vous cherchez un moyen naturel de g\u00e9rer votre stress et votre anxi\u00e9t\u00e9 ? Notre huile d'isolat de CBD de qualit\u00e9 sup\u00e9rieure formul\u00e9e en Suisse peut \u00eatre exactement ce dont vous avez besoin. Avec z\u00e9ro THC, il est sans danger pour les adultes et les enfants \u00e0 utiliser par voie sublinguale ou topique. Essayez-le aujourd'hui et am\u00e9liorez votre routine de bien-\u00eatre !","og_url":"https:\/\/elixiroilcbd.com\/en\/product\/huile-en-bouteille\/","og_site_name":"Elixir Hemp CBD Oil","article_publisher":"https:\/\/www.facebook.com\/profile.php?id=100088182038280","article_modified_time":"2025-09-26T14:10:39+00:00","og_image":[{"width":800,"height":800,"url":"https:\/\/elixiroilcbd.com\/wp-content\/uploads\/2023\/01\/CBDD_oil.jpg","type":"image\/jpeg"}],"twitter_card":"summary_large_image","schema":{"@context":"https:\/\/schema.org","@graph":[{"@type":"WebPage","@id":"https:\/\/elixiroilcbd.com\/product\/huile-en-bouteille\/","url":"https:\/\/elixiroilcbd.com\/product\/huile-en-bouteille\/","name":"Huile de CBD en bouteille - Elixir Hemp CBD Oil","isPartOf":{"@id":"https:\/\/elixiroilcbd.com\/#website"},"primaryImageOfPage":{"@id":"https:\/\/elixiroilcbd.com\/product\/huile-en-bouteille\/#primaryimage"},"image":{"@id":"https:\/\/elixiroilcbd.com\/product\/huile-en-bouteille\/#primaryimage"},"thumbnailUrl":"https:\/\/elixiroilcbd.com\/wp-content\/uploads\/2023\/01\/CBDD_oil.jpg","datePublished":"2023-01-19T23:04:34+00:00","dateModified":"2025-09-26T14:10:39+00:00","breadcrumb":{"@id":"https:\/\/elixiroilcbd.com\/product\/huile-en-bouteille\/#breadcrumb"},"inLanguage":"en-CA","potentialAction":[{"@type":"ReadAction","target":["https:\/\/elixiroilcbd.com\/product\/huile-en-bouteille\/"]}]},{"@type":"ImageObject","inLanguage":"en-CA","@id":"https:\/\/elixiroilcbd.com\/product\/huile-en-bouteille\/#primaryimage","url":"https:\/\/elixiroilcbd.com\/wp-content\/uploads\/2023\/01\/CBDD_oil.jpg","contentUrl":"https:\/\/elixiroilcbd.com\/wp-content\/uploads\/2023\/01\/CBDD_oil.jpg","width":800,"height":800},{"@type":"BreadcrumbList","@id":"https:\/\/elixiroilcbd.com\/product\/huile-en-bouteille\/#breadcrumb","itemListElement":[{"@type":"ListItem","position":1,"name":"Home","item":"https:\/\/elixiroilcbd.com\/"},{"@type":"ListItem","position":2,"name":"Shop","item":"https:\/\/elixiroilcbd.com\/en\/shop\/"},{"@type":"ListItem","position":3,"name":"Huile de CBD en bouteille"}]},{"@type":"WebSite","@id":"https:\/\/elixiroilcbd.com\/#website","url":"https:\/\/elixiroilcbd.com\/","name":"Elixir CBD Oil","description":"Exp\u00e9rimentez le pouvoir de gu\u00e9rison naturel de l&#039;Elixir Oil CBD","publisher":{"@id":"https:\/\/elixiroilcbd.com\/#organization"},"potentialAction":[{"@type":"SearchAction","target":{"@type":"EntryPoint","urlTemplate":"https:\/\/elixiroilcbd.com\/?s={search_term_string}"},"query-input":"required name=search_term_string"}],"inLanguage":"en-CA"},{"@type":"Organization","@id":"https:\/\/elixiroilcbd.com\/#organization","name":"Elixir CBD Oil","url":"https:\/\/elixiroilcbd.com\/","logo":{"@type":"ImageObject","inLanguage":"en-CA","@id":"https:\/\/elixiroilcbd.com\/#\/schema\/logo\/image\/","url":"https:\/\/elixiroilcbd.com\/wp-content\/uploads\/2022\/05\/LOGOblack.png","contentUrl":"https:\/\/elixiroilcbd.com\/wp-content\/uploads\/2022\/05\/LOGOblack.png","width":1467,"height":555,"caption":"Elixir CBD Oil"},"image":{"@id":"https:\/\/elixiroilcbd.com\/#\/schema\/logo\/image\/"},"sameAs":["https:\/\/www.facebook.com\/profile.php?id=100088182038280","https:\/\/www.instagram.com\/cbdelixircanada\/"]}]}},"jetpack_sharing_enabled":true,"_links":{"self":[{"href":"https:\/\/elixiroilcbd.com\/en\/wp-json\/wp\/v2\/product\/204556"}],"collection":[{"href":"https:\/\/elixiroilcbd.com\/en\/wp-json\/wp\/v2\/product"}],"about":[{"href":"https:\/\/elixiroilcbd.com\/en\/wp-json\/wp\/v2\/types\/product"}],"replies":[{"embeddable":true,"href":"https:\/\/elixiroilcbd.com\/en\/wp-json\/wp\/v2\/comments?post=204556"}],"wp:featuredmedia":[{"embeddable":true,"href":"https:\/\/elixiroilcbd.com\/en\/wp-json\/wp\/v2\/media\/204646"}],"wp:attachment":[{"href":"https:\/\/elixiroilcbd.com\/en\/wp-json\/wp\/v2\/media?parent=204556"}],"wp:term":[{"taxonomy":"product_cat","embeddable":true,"href":"https:\/\/elixiroilcbd.com\/en\/wp-json\/wp\/v2\/product_cat?post=204556"},{"taxonomy":"product_tag","embeddable":true,"href":"https:\/\/elixiroilcbd.com\/en\/wp-json\/wp\/v2\/product_tag?post=204556"}],"curies":[{"name":"wp","href":"https:\/\/api.w.org\/{rel}","templated":true}]}}